{"id":161,"date":"2019-04-10T10:26:06","date_gmt":"2019-04-10T08:26:06","guid":{"rendered":"https:\/\/2019.zurich.wordcamp.org\/?page_id=161"},"modified":"2019-06-18T10:16:20","modified_gmt":"2019-06-18T08:16:20","slug":"deutsch","status":"publish","type":"page","link":"https:\/\/zurich.wordcamp.org\/2019\/deutsch\/","title":{"rendered":"Information auf Deutsch"},"content":{"rendered":"\n<p><strong>Wir freuen uns sehr, dass die n\u00e4chste Schweizer WordPress-Konferenz in diesem Sommer stattfindet! Nach Besuchen in anderen Schweizer St\u00e4dten wie Bern, Genf und Lausanne kommt die Konferenz wieder nach Z\u00fcrich &#8211; zum ersten Mal seit 2015.<\/strong><\/p>\n\n\n\n<p>Hier in der Schweiz kommen viele WordPress-Liebhaber an regelm\u00e4ssigen WordCamps und Meetups zusammen: nicht nur aus den franz\u00f6sisch-, italienisch- und deutschsprachigen R\u00e4umen sondern auch aus ganz Europa.<\/p>\n\n\n\n<p>Die Community rund um WordPress ist eine der St\u00e4rken des Systems und die weltweiten <a href=\"https:\/\/central.wordcamp.org\/\">WordCamps<\/a> bieten Entwicklern, Designern, Managern und Inhaltsproduzenten unendlich viele M\u00f6glichkeiten zum Austausch und Lernen. F\u00fcr eigene Projekte oder sogar f\u00fcr die Mitarbeit an WordPress selber.<\/p>\n\n\n\n<div class=\"wp-block-columns has-3-columns is-layout-flex wp-container-core-columns-is-layout-9d6595d7 wp-block-columns-is-layout-flex\">\n<div class=\"wp-block-column is-layout-flow wp-block-column-is-layout-flow\">\n<figure class=\"wp-block-image\"><img data-recalc-dims=\"1\" loading=\"lazy\" decoding=\"async\" width=\"750\" height=\"499\" src=\"https:\/\/i0.wp.com\/2019.zurich.wordcamp.org\/files\/2019\/05\/WCLSNE-2018-talks-7vs-2149-1024x681.jpg?resize=750%2C499&#038;ssl=1\" alt=\"\" class=\"wp-image-438\" srcset=\"https:\/\/i0.wp.com\/zurich.wordcamp.org\/2019\/files\/2019\/05\/WCLSNE-2018-talks-7vs-2149.jpg?resize=1024%2C681&amp;ssl=1 1024w, https:\/\/i0.wp.com\/zurich.wordcamp.org\/2019\/files\/2019\/05\/WCLSNE-2018-talks-7vs-2149.jpg?resize=150%2C100&amp;ssl=1 150w, https:\/\/i0.wp.com\/zurich.wordcamp.org\/2019\/files\/2019\/05\/WCLSNE-2018-talks-7vs-2149.jpg?resize=750%2C499&amp;ssl=1 750w, https:\/\/i0.wp.com\/zurich.wordcamp.org\/2019\/files\/2019\/05\/WCLSNE-2018-talks-7vs-2149.jpg?resize=768%2C511&amp;ssl=1 768w, https:\/\/i0.wp.com\/zurich.wordcamp.org\/2019\/files\/2019\/05\/WCLSNE-2018-talks-7vs-2149.jpg?resize=451%2C300&amp;ssl=1 451w, https:\/\/i0.wp.com\/zurich.wordcamp.org\/2019\/files\/2019\/05\/WCLSNE-2018-talks-7vs-2149.jpg?w=1500&amp;ssl=1 1500w, https:\/\/i0.wp.com\/zurich.wordcamp.org\/2019\/files\/2019\/05\/WCLSNE-2018-talks-7vs-2149.jpg?w=2250&amp;ssl=1 2250w\" sizes=\"auto, (max-width: 706px) 89vw, (max-width: 767px) 82vw, 740px\" \/><\/figure>\n\n\n\n<h2 class=\"wp-block-heading\" style=\"text-align:center\">Lernen<\/h2>\n\n\n\n<p style=\"text-align:center\">WordPress-Experten und Anwender aus ganz Europa sind dabei<\/p>\n<\/div>\n\n\n\n<div class=\"wp-block-column is-layout-flow wp-block-column-is-layout-flow\">\n<figure class=\"wp-block-image\"><img data-recalc-dims=\"1\" loading=\"lazy\" decoding=\"async\" width=\"750\" height=\"499\" src=\"https:\/\/i0.wp.com\/2019.zurich.wordcamp.org\/files\/2019\/05\/WCLSNE-2018-talks-7vs-2077-1024x681.jpg?resize=750%2C499&#038;ssl=1\" alt=\"\" class=\"wp-image-469\" srcset=\"https:\/\/i0.wp.com\/zurich.wordcamp.org\/2019\/files\/2019\/05\/WCLSNE-2018-talks-7vs-2077.jpg?resize=1024%2C681&amp;ssl=1 1024w, https:\/\/i0.wp.com\/zurich.wordcamp.org\/2019\/files\/2019\/05\/WCLSNE-2018-talks-7vs-2077.jpg?resize=150%2C100&amp;ssl=1 150w, https:\/\/i0.wp.com\/zurich.wordcamp.org\/2019\/files\/2019\/05\/WCLSNE-2018-talks-7vs-2077.jpg?resize=750%2C499&amp;ssl=1 750w, https:\/\/i0.wp.com\/zurich.wordcamp.org\/2019\/files\/2019\/05\/WCLSNE-2018-talks-7vs-2077.jpg?resize=768%2C511&amp;ssl=1 768w, https:\/\/i0.wp.com\/zurich.wordcamp.org\/2019\/files\/2019\/05\/WCLSNE-2018-talks-7vs-2077.jpg?resize=451%2C300&amp;ssl=1 451w, https:\/\/i0.wp.com\/zurich.wordcamp.org\/2019\/files\/2019\/05\/WCLSNE-2018-talks-7vs-2077.jpg?w=1500&amp;ssl=1 1500w, https:\/\/i0.wp.com\/zurich.wordcamp.org\/2019\/files\/2019\/05\/WCLSNE-2018-talks-7vs-2077.jpg?w=2250&amp;ssl=1 2250w\" sizes=\"auto, (max-width: 706px) 89vw, (max-width: 767px) 82vw, 740px\" \/><\/figure>\n\n\n\n<h2 class=\"wp-block-heading\" style=\"text-align:center\">Lehren<\/h2>\n\n\n\n<p style=\"text-align:center\">Teilnehmer inspirieren und sie auf neue Ebenen bringen<\/p>\n<\/div>\n\n\n\n<div class=\"wp-block-column is-layout-flow wp-block-column-is-layout-flow\">\n<figure class=\"wp-block-image\"><img data-recalc-dims=\"1\" loading=\"lazy\" decoding=\"async\" width=\"750\" height=\"499\" src=\"https:\/\/i0.wp.com\/2019.zurich.wordcamp.org\/files\/2019\/05\/WCLSNE19-contrib-7vs-1854-1024x681.jpg?resize=750%2C499&#038;ssl=1\" alt=\"\" class=\"wp-image-455\" srcset=\"https:\/\/i0.wp.com\/zurich.wordcamp.org\/2019\/files\/2019\/05\/WCLSNE19-contrib-7vs-1854.jpg?resize=1024%2C681&amp;ssl=1 1024w, https:\/\/i0.wp.com\/zurich.wordcamp.org\/2019\/files\/2019\/05\/WCLSNE19-contrib-7vs-1854.jpg?resize=150%2C100&amp;ssl=1 150w, https:\/\/i0.wp.com\/zurich.wordcamp.org\/2019\/files\/2019\/05\/WCLSNE19-contrib-7vs-1854.jpg?resize=750%2C499&amp;ssl=1 750w, https:\/\/i0.wp.com\/zurich.wordcamp.org\/2019\/files\/2019\/05\/WCLSNE19-contrib-7vs-1854.jpg?resize=768%2C511&amp;ssl=1 768w, https:\/\/i0.wp.com\/zurich.wordcamp.org\/2019\/files\/2019\/05\/WCLSNE19-contrib-7vs-1854.jpg?resize=451%2C300&amp;ssl=1 451w, https:\/\/i0.wp.com\/zurich.wordcamp.org\/2019\/files\/2019\/05\/WCLSNE19-contrib-7vs-1854.jpg?w=1500&amp;ssl=1 1500w, https:\/\/i0.wp.com\/zurich.wordcamp.org\/2019\/files\/2019\/05\/WCLSNE19-contrib-7vs-1854.jpg?w=2250&amp;ssl=1 2250w\" sizes=\"auto, (max-width: 706px) 89vw, (max-width: 767px) 82vw, 740px\" \/><\/figure>\n\n\n\n<h2 class=\"wp-block-heading\" style=\"text-align:center\">Teilen<\/h2>\n\n\n\n<p style=\"text-align:center\">Ideen austauschen, Fragen stellen, Tipps erhalten und Leute kennenlernen<\/p>\n<\/div>\n<\/div>\n\n\n\n<h2 class=\"wp-block-heading\">Call for Sponsors<\/h2>\n\n\n\n<p>Die Schweizer WordPress-Community braucht eure Hilfe! WordCamps sind gemeinn\u00fctzige Anl\u00e4sse, die durch freiwillige Helfer aus der Community organisiert werden. Wir sind auf die Unterst\u00fctzung von Firmen und einzelne Sponsoren angewiesen, damit wir den Teilnehmern einen tollen Anlass bei erschwinglichen Ticket-Preisen anbieten k\u00f6nnen.<\/p>\n\n\n\n<div class=\"wp-block-media-text alignwide\" style=\"background-color:#25507f\"><figure class=\"wp-block-media-text__media\"><img data-recalc-dims=\"1\" loading=\"lazy\" decoding=\"async\" width=\"750\" height=\"563\" src=\"https:\/\/i0.wp.com\/2019.zurich.wordcamp.org\/files\/2019\/05\/IMG_2910-e1557302107194-1024x768.jpg?resize=750%2C563&#038;ssl=1\" alt=\"\" class=\"wp-image-464\" srcset=\"https:\/\/i0.wp.com\/zurich.wordcamp.org\/2019\/files\/2019\/05\/IMG_2910-e1557302107194.jpg?resize=1024%2C768&amp;ssl=1 1024w, https:\/\/i0.wp.com\/zurich.wordcamp.org\/2019\/files\/2019\/05\/IMG_2910-e1557302107194.jpg?resize=150%2C113&amp;ssl=1 150w, https:\/\/i0.wp.com\/zurich.wordcamp.org\/2019\/files\/2019\/05\/IMG_2910-e1557302107194.jpg?resize=750%2C563&amp;ssl=1 750w, https:\/\/i0.wp.com\/zurich.wordcamp.org\/2019\/files\/2019\/05\/IMG_2910-e1557302107194.jpg?resize=768%2C576&amp;ssl=1 768w, https:\/\/i0.wp.com\/zurich.wordcamp.org\/2019\/files\/2019\/05\/IMG_2910-e1557302107194.jpg?resize=400%2C300&amp;ssl=1 400w, https:\/\/i0.wp.com\/zurich.wordcamp.org\/2019\/files\/2019\/05\/IMG_2910-e1557302107194.jpg?w=1500&amp;ssl=1 1500w, https:\/\/i0.wp.com\/zurich.wordcamp.org\/2019\/files\/2019\/05\/IMG_2910-e1557302107194.jpg?w=2250&amp;ssl=1 2250w\" sizes=\"auto, (max-width: 706px) 89vw, (max-width: 767px) 82vw, 740px\" \/><\/figure><div class=\"wp-block-media-text__content\">\n<p style=\"color:#ffffff\" class=\"has-text-color\">Kannst du uns helfen? Finde in <a href=\"https:\/\/2019.zurich.wordcamp.org\/2019\/05\/call-for-sponsors\/\">diesem Blog-Beitrag<\/a> heraus, wie du uns als Sponsor unterst\u00fctzen kannst.<\/p>\n<\/div><\/div>\n\n\n\n<hr class=\"wp-block-separator is-style-wide\" \/>\n\n\n\n<h2 class=\"wp-block-heading\">Fotos von bisherigen WordCamps<\/h2>\n\n\n\n<div class=\"wp-block-jetpack-tiled-gallery aligncenter is-style-rectangular\"><div class=\"tiled-gallery__gallery\"><div class=\"tiled-gallery__row\"><div class=\"tiled-gallery__col\"><figure class=\"tiled-gallery__item\"><img decoding=\"async\" srcset=\"https:\/\/i0.wp.com\/2019.zurich.wordcamp.org\/files\/2019\/05\/wordcamp-switzerland-2015_21540881026_o.jpg?strip=info&#038;w=600&#038;ssl=1 600w,https:\/\/i0.wp.com\/2019.zurich.wordcamp.org\/files\/2019\/05\/wordcamp-switzerland-2015_21540881026_o.jpg?strip=info&#038;w=900&#038;ssl=1 900w,https:\/\/i0.wp.com\/2019.zurich.wordcamp.org\/files\/2019\/05\/wordcamp-switzerland-2015_21540881026_o.jpg?strip=info&#038;w=1200&#038;ssl=1 1200w,https:\/\/i0.wp.com\/2019.zurich.wordcamp.org\/files\/2019\/05\/wordcamp-switzerland-2015_21540881026_o.jpg?strip=info&#038;w=1500&#038;ssl=1 1500w,https:\/\/i0.wp.com\/2019.zurich.wordcamp.org\/files\/2019\/05\/wordcamp-switzerland-2015_21540881026_o.jpg?strip=info&#038;w=1800&#038;ssl=1 1800w,https:\/\/i0.wp.com\/2019.zurich.wordcamp.org\/files\/2019\/05\/wordcamp-switzerland-2015_21540881026_o.jpg?strip=info&#038;w=2000&#038;ssl=1 2000w\" alt=\"\" data-height=\"3264\" data-id=\"296\" data-link=\"https:\/\/2019.zurich.wordcamp.org\/wordcamp-switzerland-2015_21540881026_o\/\" data-url=\"https:\/\/2019.zurich.wordcamp.org\/files\/2019\/05\/wordcamp-switzerland-2015_21540881026_o.jpg\" data-width=\"4896\" src=\"https:\/\/i0.wp.com\/2019.zurich.wordcamp.org\/files\/2019\/05\/wordcamp-switzerland-2015_21540881026_o.jpg?ssl=1\" \/><\/figure><\/div><div class=\"tiled-gallery__col\"><figure class=\"tiled-gallery__item\"><img decoding=\"async\" srcset=\"https:\/\/i1.wp.com\/2019.zurich.wordcamp.org\/files\/2019\/05\/wordcamp-switzerland-2015_21376339078_o.jpg?strip=info&#038;w=600&#038;ssl=1 600w,https:\/\/i1.wp.com\/2019.zurich.wordcamp.org\/files\/2019\/05\/wordcamp-switzerland-2015_21376339078_o.jpg?strip=info&#038;w=900&#038;ssl=1 900w,https:\/\/i1.wp.com\/2019.zurich.wordcamp.org\/files\/2019\/05\/wordcamp-switzerland-2015_21376339078_o.jpg?strip=info&#038;w=1200&#038;ssl=1 1200w,https:\/\/i1.wp.com\/2019.zurich.wordcamp.org\/files\/2019\/05\/wordcamp-switzerland-2015_21376339078_o.jpg?strip=info&#038;w=1500&#038;ssl=1 1500w,https:\/\/i1.wp.com\/2019.zurich.wordcamp.org\/files\/2019\/05\/wordcamp-switzerland-2015_21376339078_o.jpg?strip=info&#038;w=1800&#038;ssl=1 1800w,https:\/\/i1.wp.com\/2019.zurich.wordcamp.org\/files\/2019\/05\/wordcamp-switzerland-2015_21376339078_o.jpg?strip=info&#038;w=2000&#038;ssl=1 2000w\" alt=\"\" data-height=\"3264\" data-id=\"385\" data-link=\"https:\/\/2019.zurich.wordcamp.org\/wordcamp-switzerland-2015_21376339078_o\/\" data-url=\"https:\/\/2019.zurich.wordcamp.org\/files\/2019\/05\/wordcamp-switzerland-2015_21376339078_o.jpg\" data-width=\"4896\" src=\"https:\/\/i1.wp.com\/2019.zurich.wordcamp.org\/files\/2019\/05\/wordcamp-switzerland-2015_21376339078_o.jpg?ssl=1\" \/><\/figure><figure class=\"tiled-gallery__item\"><img decoding=\"async\" srcset=\"https:\/\/i0.wp.com\/2019.zurich.wordcamp.org\/files\/2019\/05\/WCLSNE19-contrib-7vs-1755.jpg?strip=info&#038;w=600&#038;ssl=1 600w,https:\/\/i0.wp.com\/2019.zurich.wordcamp.org\/files\/2019\/05\/WCLSNE19-contrib-7vs-1755.jpg?strip=info&#038;w=900&#038;ssl=1 900w,https:\/\/i0.wp.com\/2019.zurich.wordcamp.org\/files\/2019\/05\/WCLSNE19-contrib-7vs-1755.jpg?strip=info&#038;w=1200&#038;ssl=1 1200w,https:\/\/i0.wp.com\/2019.zurich.wordcamp.org\/files\/2019\/05\/WCLSNE19-contrib-7vs-1755.jpg?strip=info&#038;w=1500&#038;ssl=1 1500w,https:\/\/i0.wp.com\/2019.zurich.wordcamp.org\/files\/2019\/05\/WCLSNE19-contrib-7vs-1755.jpg?strip=info&#038;w=1800&#038;ssl=1 1800w,https:\/\/i0.wp.com\/2019.zurich.wordcamp.org\/files\/2019\/05\/WCLSNE19-contrib-7vs-1755.jpg?strip=info&#038;w=2000&#038;ssl=1 2000w\" alt=\"\" data-height=\"1768\" data-id=\"473\" data-link=\"https:\/\/2019.zurich.wordcamp.org\/wclsne19-contrib-7vs-1755\/\" data-url=\"https:\/\/2019.zurich.wordcamp.org\/files\/2019\/05\/WCLSNE19-contrib-7vs-1755.jpg\" data-width=\"2657\" src=\"https:\/\/i0.wp.com\/2019.zurich.wordcamp.org\/files\/2019\/05\/WCLSNE19-contrib-7vs-1755.jpg?ssl=1\" \/><\/figure><\/div><\/div><div class=\"tiled-gallery__row\"><div class=\"tiled-gallery__col\"><figure class=\"tiled-gallery__item\"><img decoding=\"async\" srcset=\"https:\/\/i2.wp.com\/2019.zurich.wordcamp.org\/files\/2019\/05\/WCLSNE19-contrib-7vs-1875.jpg?strip=info&#038;w=600&#038;ssl=1 600w,https:\/\/i2.wp.com\/2019.zurich.wordcamp.org\/files\/2019\/05\/WCLSNE19-contrib-7vs-1875.jpg?strip=info&#038;w=900&#038;ssl=1 900w,https:\/\/i2.wp.com\/2019.zurich.wordcamp.org\/files\/2019\/05\/WCLSNE19-contrib-7vs-1875.jpg?strip=info&#038;w=1200&#038;ssl=1 1200w,https:\/\/i2.wp.com\/2019.zurich.wordcamp.org\/files\/2019\/05\/WCLSNE19-contrib-7vs-1875.jpg?strip=info&#038;w=1500&#038;ssl=1 1500w,https:\/\/i2.wp.com\/2019.zurich.wordcamp.org\/files\/2019\/05\/WCLSNE19-contrib-7vs-1875.jpg?strip=info&#038;w=1800&#038;ssl=1 1800w,https:\/\/i2.wp.com\/2019.zurich.wordcamp.org\/files\/2019\/05\/WCLSNE19-contrib-7vs-1875.jpg?strip=info&#038;w=2000&#038;ssl=1 2000w\" alt=\"\" data-height=\"1768\" data-id=\"475\" data-link=\"https:\/\/2019.zurich.wordcamp.org\/wclsne19-contrib-7vs-1875\/\" data-url=\"https:\/\/2019.zurich.wordcamp.org\/files\/2019\/05\/WCLSNE19-contrib-7vs-1875.jpg\" data-width=\"2657\" src=\"https:\/\/i2.wp.com\/2019.zurich.wordcamp.org\/files\/2019\/05\/WCLSNE19-contrib-7vs-1875.jpg?ssl=1\" \/><\/figure><\/div><div class=\"tiled-gallery__col\"><figure class=\"tiled-gallery__item\"><img decoding=\"async\" srcset=\"https:\/\/i2.wp.com\/2019.zurich.wordcamp.org\/files\/2019\/05\/WCLSNE19-contrib-7vs-1725.jpg?strip=info&#038;w=600&#038;ssl=1 600w,https:\/\/i2.wp.com\/2019.zurich.wordcamp.org\/files\/2019\/05\/WCLSNE19-contrib-7vs-1725.jpg?strip=info&#038;w=900&#038;ssl=1 900w,https:\/\/i2.wp.com\/2019.zurich.wordcamp.org\/files\/2019\/05\/WCLSNE19-contrib-7vs-1725.jpg?strip=info&#038;w=1200&#038;ssl=1 1200w,https:\/\/i2.wp.com\/2019.zurich.wordcamp.org\/files\/2019\/05\/WCLSNE19-contrib-7vs-1725.jpg?strip=info&#038;w=1500&#038;ssl=1 1500w,https:\/\/i2.wp.com\/2019.zurich.wordcamp.org\/files\/2019\/05\/WCLSNE19-contrib-7vs-1725.jpg?strip=info&#038;w=1800&#038;ssl=1 1800w,https:\/\/i2.wp.com\/2019.zurich.wordcamp.org\/files\/2019\/05\/WCLSNE19-contrib-7vs-1725.jpg?strip=info&#038;w=2000&#038;ssl=1 2000w\" alt=\"\" data-height=\"1768\" data-id=\"440\" data-link=\"https:\/\/2019.zurich.wordcamp.org\/wclsne19-contrib-7vs-1725\/\" data-url=\"https:\/\/2019.zurich.wordcamp.org\/files\/2019\/05\/WCLSNE19-contrib-7vs-1725.jpg\" data-width=\"2657\" src=\"https:\/\/i2.wp.com\/2019.zurich.wordcamp.org\/files\/2019\/05\/WCLSNE19-contrib-7vs-1725.jpg?ssl=1\" \/><\/figure><\/div><div class=\"tiled-gallery__col\"><figure class=\"tiled-gallery__item\"><img decoding=\"async\" srcset=\"https:\/\/i0.wp.com\/2019.zurich.wordcamp.org\/files\/2019\/05\/WCLSNE-2018-talks-7vs-2045.jpg?strip=info&#038;w=600&#038;ssl=1 600w,https:\/\/i0.wp.com\/2019.zurich.wordcamp.org\/files\/2019\/05\/WCLSNE-2018-talks-7vs-2045.jpg?strip=info&#038;w=900&#038;ssl=1 900w,https:\/\/i0.wp.com\/2019.zurich.wordcamp.org\/files\/2019\/05\/WCLSNE-2018-talks-7vs-2045.jpg?strip=info&#038;w=1200&#038;ssl=1 1200w,https:\/\/i0.wp.com\/2019.zurich.wordcamp.org\/files\/2019\/05\/WCLSNE-2018-talks-7vs-2045.jpg?strip=info&#038;w=1500&#038;ssl=1 1500w,https:\/\/i0.wp.com\/2019.zurich.wordcamp.org\/files\/2019\/05\/WCLSNE-2018-talks-7vs-2045.jpg?strip=info&#038;w=1800&#038;ssl=1 1800w,https:\/\/i0.wp.com\/2019.zurich.wordcamp.org\/files\/2019\/05\/WCLSNE-2018-talks-7vs-2045.jpg?strip=info&#038;w=2000&#038;ssl=1 2000w\" alt=\"\" data-height=\"1768\" data-id=\"439\" data-link=\"https:\/\/2019.zurich.wordcamp.org\/wclsne-2018-talks-7vs-2045\/\" data-url=\"https:\/\/2019.zurich.wordcamp.org\/files\/2019\/05\/WCLSNE-2018-talks-7vs-2045.jpg\" data-width=\"2657\" src=\"https:\/\/i0.wp.com\/2019.zurich.wordcamp.org\/files\/2019\/05\/WCLSNE-2018-talks-7vs-2045.jpg?ssl=1\" \/><\/figure><\/div><\/div><div class=\"tiled-gallery__row\"><div class=\"tiled-gallery__col\"><figure class=\"tiled-gallery__item\"><img decoding=\"async\" srcset=\"https:\/\/i1.wp.com\/2019.zurich.wordcamp.org\/files\/2019\/05\/wordcamp-switzerland-2015_20941430324_o.jpg?strip=info&#038;w=600&#038;ssl=1 600w,https:\/\/i1.wp.com\/2019.zurich.wordcamp.org\/files\/2019\/05\/wordcamp-switzerland-2015_20941430324_o.jpg?strip=info&#038;w=900&#038;ssl=1 900w,https:\/\/i1.wp.com\/2019.zurich.wordcamp.org\/files\/2019\/05\/wordcamp-switzerland-2015_20941430324_o.jpg?strip=info&#038;w=1200&#038;ssl=1 1200w,https:\/\/i1.wp.com\/2019.zurich.wordcamp.org\/files\/2019\/05\/wordcamp-switzerland-2015_20941430324_o.jpg?strip=info&#038;w=1500&#038;ssl=1 1500w,https:\/\/i1.wp.com\/2019.zurich.wordcamp.org\/files\/2019\/05\/wordcamp-switzerland-2015_20941430324_o.jpg?strip=info&#038;w=1800&#038;ssl=1 1800w,https:\/\/i1.wp.com\/2019.zurich.wordcamp.org\/files\/2019\/05\/wordcamp-switzerland-2015_20941430324_o.jpg?strip=info&#038;w=2000&#038;ssl=1 2000w\" alt=\"\" data-height=\"3264\" data-id=\"381\" data-link=\"https:\/\/2019.zurich.wordcamp.org\/wordcamp-switzerland-2015_20941430324_o\/\" data-url=\"https:\/\/2019.zurich.wordcamp.org\/files\/2019\/05\/wordcamp-switzerland-2015_20941430324_o.jpg\" data-width=\"4896\" src=\"https:\/\/i1.wp.com\/2019.zurich.wordcamp.org\/files\/2019\/05\/wordcamp-switzerland-2015_20941430324_o.jpg?ssl=1\" \/><\/figure><\/div><div class=\"tiled-gallery__col\"><figure class=\"tiled-gallery__item\"><img decoding=\"async\" srcset=\"https:\/\/i2.wp.com\/2019.zurich.wordcamp.org\/files\/2019\/05\/wordcamp-switzerland_14114564533_o.jpg?strip=info&#038;w=600&#038;ssl=1 600w,https:\/\/i2.wp.com\/2019.zurich.wordcamp.org\/files\/2019\/05\/wordcamp-switzerland_14114564533_o.jpg?strip=info&#038;w=900&#038;ssl=1 900w,https:\/\/i2.wp.com\/2019.zurich.wordcamp.org\/files\/2019\/05\/wordcamp-switzerland_14114564533_o.jpg?strip=info&#038;w=1200&#038;ssl=1 1200w,https:\/\/i2.wp.com\/2019.zurich.wordcamp.org\/files\/2019\/05\/wordcamp-switzerland_14114564533_o.jpg?strip=info&#038;w=1500&#038;ssl=1 1500w,https:\/\/i2.wp.com\/2019.zurich.wordcamp.org\/files\/2019\/05\/wordcamp-switzerland_14114564533_o.jpg?strip=info&#038;w=1800&#038;ssl=1 1800w,https:\/\/i2.wp.com\/2019.zurich.wordcamp.org\/files\/2019\/05\/wordcamp-switzerland_14114564533_o.jpg?strip=info&#038;w=2000&#038;ssl=1 2000w\" alt=\"\" data-height=\"3264\" data-id=\"298\" data-link=\"https:\/\/2019.zurich.wordcamp.org\/wordcamp-switzerland_14114564533_o\/\" data-url=\"https:\/\/2019.zurich.wordcamp.org\/files\/2019\/05\/wordcamp-switzerland_14114564533_o.jpg\" data-width=\"4896\" src=\"https:\/\/i2.wp.com\/2019.zurich.wordcamp.org\/files\/2019\/05\/wordcamp-switzerland_14114564533_o.jpg?ssl=1\" \/><\/figure><\/div><div class=\"tiled-gallery__col\"><figure class=\"tiled-gallery__item\"><img decoding=\"async\" srcset=\"https:\/\/i1.wp.com\/2019.zurich.wordcamp.org\/files\/2019\/05\/WCLSNE-2018-warmup-7vs-1890.jpg?strip=info&#038;w=600&#038;ssl=1 600w,https:\/\/i1.wp.com\/2019.zurich.wordcamp.org\/files\/2019\/05\/WCLSNE-2018-warmup-7vs-1890.jpg?strip=info&#038;w=900&#038;ssl=1 900w,https:\/\/i1.wp.com\/2019.zurich.wordcamp.org\/files\/2019\/05\/WCLSNE-2018-warmup-7vs-1890.jpg?strip=info&#038;w=1200&#038;ssl=1 1200w,https:\/\/i1.wp.com\/2019.zurich.wordcamp.org\/files\/2019\/05\/WCLSNE-2018-warmup-7vs-1890.jpg?strip=info&#038;w=1500&#038;ssl=1 1500w,https:\/\/i1.wp.com\/2019.zurich.wordcamp.org\/files\/2019\/05\/WCLSNE-2018-warmup-7vs-1890.jpg?strip=info&#038;w=1800&#038;ssl=1 1800w,https:\/\/i1.wp.com\/2019.zurich.wordcamp.org\/files\/2019\/05\/WCLSNE-2018-warmup-7vs-1890.jpg?strip=info&#038;w=2000&#038;ssl=1 2000w\" alt=\"\" data-height=\"1768\" data-id=\"470\" data-link=\"https:\/\/2019.zurich.wordcamp.org\/wclsne-2018-warmup-7vs-1890\/\" data-url=\"https:\/\/2019.zurich.wordcamp.org\/files\/2019\/05\/WCLSNE-2018-warmup-7vs-1890.jpg\" data-width=\"2657\" src=\"https:\/\/i1.wp.com\/2019.zurich.wordcamp.org\/files\/2019\/05\/WCLSNE-2018-warmup-7vs-1890.jpg?ssl=1\" \/><\/figure><\/div><div class=\"tiled-gallery__col\"><figure class=\"tiled-gallery__item\"><img decoding=\"async\" srcset=\"https:\/\/i1.wp.com\/2019.zurich.wordcamp.org\/files\/2019\/05\/wordcamp-switzerland-2015-afterparty_21379245318_o.jpg?strip=info&#038;w=600&#038;ssl=1 600w,https:\/\/i1.wp.com\/2019.zurich.wordcamp.org\/files\/2019\/05\/wordcamp-switzerland-2015-afterparty_21379245318_o.jpg?strip=info&#038;w=900&#038;ssl=1 900w,https:\/\/i1.wp.com\/2019.zurich.wordcamp.org\/files\/2019\/05\/wordcamp-switzerland-2015-afterparty_21379245318_o.jpg?strip=info&#038;w=1200&#038;ssl=1 1200w,https:\/\/i1.wp.com\/2019.zurich.wordcamp.org\/files\/2019\/05\/wordcamp-switzerland-2015-afterparty_21379245318_o.jpg?strip=info&#038;w=1500&#038;ssl=1 1500w,https:\/\/i1.wp.com\/2019.zurich.wordcamp.org\/files\/2019\/05\/wordcamp-switzerland-2015-afterparty_21379245318_o.jpg?strip=info&#038;w=1800&#038;ssl=1 1800w,https:\/\/i1.wp.com\/2019.zurich.wordcamp.org\/files\/2019\/05\/wordcamp-switzerland-2015-afterparty_21379245318_o.jpg?strip=info&#038;w=1920&#038;ssl=1 1920w\" alt=\"\" data-height=\"1080\" data-id=\"425\" data-link=\"https:\/\/2019.zurich.wordcamp.org\/wordcamp-switzerland-2015-afterparty_21379245318_o\/\" data-url=\"https:\/\/2019.zurich.wordcamp.org\/files\/2019\/05\/wordcamp-switzerland-2015-afterparty_21379245318_o.jpg\" data-width=\"1920\" src=\"https:\/\/i1.wp.com\/2019.zurich.wordcamp.org\/files\/2019\/05\/wordcamp-switzerland-2015-afterparty_21379245318_o.jpg?ssl=1\" \/><\/figure><\/div><\/div><\/div><\/div>\n","protected":false},"excerpt":{"rendered":"<p>Wir freuen uns sehr, dass die n\u00e4chste Schweizer WordPress-Konferenz in diesem Sommer stattfindet! Nach Besuchen in anderen Schweizer St\u00e4dten wie Bern, Genf und Lausanne kommt die Konferenz wieder nach Z\u00fcrich &#8211; zum ersten Mal seit 2015. Hier in der Schweiz kommen viele WordPress-Liebhaber an regelm\u00e4ssigen WordCamps und Meetups zusammen: nicht nur aus den franz\u00f6sisch-, italienisch- &hellip; <\/p>\n<p class=\"link-more\"><a href=\"https:\/\/zurich.wordcamp.org\/2019\/deutsch\/\" class=\"more-link\">Continue reading<span class=\"screen-reader-text\"> &#8220;Information auf Deutsch&#8221;<\/span><\/a><\/p>\n","protected":false},"author":5101522,"featured_media":0,"parent":0,"menu_order":0,"comment_status":"closed","ping_status":"closed","template":"","meta":{"jetpack_post_was_ever_published":false,"footnotes":""},"class_list":["post-161","page","type-page","status-publish","hentry"],"jetpack_sharing_enabled":true,"jetpack_shortlink":"https:\/\/wp.me\/PaIveu-2B","_links":{"self":[{"href":"https:\/\/zurich.wordcamp.org\/2019\/wp-json\/wp\/v2\/pages\/161","targetHints":{"allow":["GET"]}}],"collection":[{"href":"https:\/\/zurich.wordcamp.org\/2019\/wp-json\/wp\/v2\/pages"}],"about":[{"href":"https:\/\/zurich.wordcamp.org\/2019\/wp-json\/wp\/v2\/types\/page"}],"author":[{"embeddable":true,"href":"https:\/\/zurich.wordcamp.org\/2019\/wp-json\/wp\/v2\/users\/5101522"}],"replies":[{"embeddable":true,"href":"https:\/\/zurich.wordcamp.org\/2019\/wp-json\/wp\/v2\/comments?post=161"}],"version-history":[{"count":29,"href":"https:\/\/zurich.wordcamp.org\/2019\/wp-json\/wp\/v2\/pages\/161\/revisions"}],"predecessor-version":[{"id":750,"href":"https:\/\/zurich.wordcamp.org\/2019\/wp-json\/wp\/v2\/pages\/161\/revisions\/750"}],"wp:attachment":[{"href":"https:\/\/zurich.wordcamp.org\/2019\/wp-json\/wp\/v2\/media?parent=161"}],"curies":[{"name":"wp","href":"https:\/\/api.w.org\/{rel}","templated":true}]}}